{"id":4916,"date":"2015-11-27T08:48:14","date_gmt":"2015-11-27T07:48:14","guid":{"rendered":"https:\/\/arpa.tech\/professional-home\/"},"modified":"2025-11-06T11:40:24","modified_gmt":"2025-11-06T10:40:24","slug":"professional-home","status":"publish","type":"page","link":"https:\/\/arpa.tech\/pt-pt\/","title":{"rendered":"Homepage"},"content":{"rendered":"<section class=\"wpb-content-wrapper\"><p>[vc_row content_width=&#8221;grid&#8221; css=&#8221;.vc_custom_1758619874496{margin-top: 70px !important;margin-bottom: 80px !important;}&#8221;][vc_column width=&#8221;1\/2&#8243;][vc_empty_space][vc_column_text]<\/p>\n<h2>Quem somos<\/h2>\n<p>[\/vc_column_text][vc_empty_space][vc_column_text]A ARPA \u00e9 uma empresa de consultoria criada na intersec\u00e7\u00e3o entre a automatiza\u00e7\u00e3o e a intelig\u00eancia artificial.<\/p>\n<p>Ajudamos as organiza\u00e7\u00f5es a transformar a complexidade em clareza, automatizando processos, analisandodados em grande escala e entregando resultados inteligentes e estrat\u00e9gicos.[\/vc_column_text][vc_empty_space]<a href=\"https:\/\/arpa.tech\/pt-pt\/sobre-nos\/\" target=\"_self\"  class=\"mkdf-btn mkdf-btn-large mkdf-btn-solid\"  >\n        <span class=\"mkdf-btn-text\">Saber mais<\/span>\n<\/a>[vc_empty_space][\/vc_column][vc_column width=&#8221;1\/2&#8243;][vc_single_image image=&#8221;4928&#8243; img_size=&#8221;full&#8221;][\/vc_column][\/vc_row][vc_row content_width=&#8221;grid&#8221; css=&#8221;.vc_custom_1753181881454{margin-bottom: 80px !important;}&#8221;][vc_column width=&#8221;1\/2&#8243;][vc_single_image image=&#8221;4857&#8243; img_size=&#8221;full&#8221;][\/vc_column][vc_column width=&#8221;1\/2&#8243;][vc_column_text]<\/p>\n<h2>Servi\u00e7os<\/h2>\n<p>[\/vc_column_text][vc_empty_space][vc_empty_space][vc_column_text]A ARPA \u00e9 uma empresa de consultoria criada na intersec\u00e7\u00e3o entre a automatiza\u00e7\u00e3o e a intelig\u00eancia artificial.<\/p>\n<p>Ajudamos as organiza\u00e7\u00f5es a transformar a complexidade em clareza, automatizando processos, analisandodados em grande escala e entregando resultados inteligentes e estrat\u00e9gicos.[\/vc_column_text][vc_empty_space]<a href=\"https:\/\/arpa.tech\/pt-pt\/servicos\/\" target=\"_self\"  class=\"mkdf-btn mkdf-btn-large mkdf-btn-solid\"  >\n        <span class=\"mkdf-btn-text\">Saber mais<\/span>\n<\/a>[vc_empty_space][\/vc_column][\/vc_row][vc_row row_type=&#8221;parallax&#8221; content_width=&#8221;grid&#8221; content_aligment=&#8221;center&#8221; full_screen_section_height=&#8221;no&#8221; css=&#8221;.vc_custom_1754651547814{padding-top: 197px !important;padding-bottom: 220px !important;background-image: url(https:\/\/arpa.tech\/wp-content\/uploads\/2025\/08\/Life-at-Arpa-scaled.png?id=4434) !important;background-position: center !important;background-repeat: no-repeat !important;background-size: cover !important;}&#8221;][vc_column]<div class=\"mkdf-animations-holder mkdf-element-from-bottom\" data-animation=\"mkdf-element-from-bottom\">\n\t<div style=\"transition-delay: 200ms;-webkit-animation-delay: 200ms;animation-delay: 200ms;animation-duration: 500ms;-webkit-animation-duration: 500ms;-moz-animation-duration: 500ms\">\n\t\t<div class=\"mkdf-section-title-holder\">\n\t<h2 class=\"mkdf-section-title mkdf-section-title-large\" style=\"color: #ffffff\">A vida na arpa<\/h2>\n<\/div>\t<\/div>\n\n<\/div><div class=\"mkdf-animations-holder mkdf-element-from-bottom\" data-animation=\"mkdf-element-from-bottom\">\n\t<div style=\"transition-delay: 200ms;-webkit-animation-delay: 200ms;animation-delay: 200ms;animation-duration: 500ms;-webkit-animation-duration: 500ms;-moz-animation-duration: 500ms\">\n\t\t[vc_row_inner css=&#8221;.vc_custom_1448626932731{padding-top: 12px !important;padding-bottom: 36px !important;}&#8221;][vc_column_inner offset=&#8221;vc_col-lg-offset-1 vc_col-lg-10 vc_col-md-offset-1 vc_col-md-10&#8243;]\n<div class=\"mkdf-custom-font-holder\" style=\"font-family: Open Sans;font-size: 18px;line-height: 33px;font-weight: 400;letter-spacing: 0px;text-align: center;color: #ffffff\" data-font-size= 18 data-line-height= 33>\n\tConstr\u00f3i o futuro connosco. Na ARPA, n\u00e3o estamos apenas a criar solu\u00e7\u00f5es; estamos a moldar a forma como os setores funcionam atrav\u00e9s da automatiza\u00e7\u00e3o + IA. Estamos sempre \u00e0 procura de mentes curiosas, motivadas e criativas, prontas para gerar impacto.<\/div>[\/vc_column_inner][\/vc_row_inner]\t<\/div>\n\n<\/div><div class=\"mkdf-animations-holder mkdf-element-from-bottom\" data-animation=\"mkdf-element-from-bottom\">\n\t<div style=\"transition-delay: 200ms;-webkit-animation-delay: 200ms;animation-delay: 200ms;animation-duration: 500ms;-webkit-animation-duration: 500ms;-moz-animation-duration: 500ms\">\n\t\t<a href=\"https:\/\/arpa.tech\/pt-pt\/contactos\/\" target=\"_self\"  class=\"mkdf-btn mkdf-btn-large mkdf-btn-solid mkdf-btn-custom-hover-bg mkdf-btn-custom-border-hover mkdf-btn-custom-hover-color mkdf-btn-custom-hover-color\" data-hover-bg-color=\"#ffffff\" data-hover-color=\"#ffffff\" data-hover-border-color=\"#ffffff\" >\n        <span class=\"mkdf-btn-text\">Contacte-nos<\/span>\n<\/a>\t<\/div>\n\n<\/div>[\/vc_column][\/vc_row][vc_row content_width=&#8221;grid&#8221; content_aligment=&#8221;center&#8221; css=&#8221;.vc_custom_1448965720589{padding-top: 99px !important;padding-bottom: 76px !important;}&#8221;][vc_column]<div class=\"mkdf-section-title-holder\">\n\t<h2 class=\"mkdf-section-title mkdf-section-title-small\" >Parceiros<\/h2>\n<\/div>[vc_empty_space][vc_column_text css=&#8221;.vc_custom_1762369940520{padding-right: 11% !important;padding-left: 11% !important;}&#8221;]<\/p>\n<h5>Na ARPA, constru\u00edmos parcerias fortes e estrat\u00e9gicas com l\u00edderes tecnol\u00f3gicos globais para oferecer solu\u00e7\u00f5es de ponta em automatiza\u00e7\u00e3o, IA e an\u00e1lise de dados.<\/h5>\n<p>[\/vc_column_text][\/vc_column][\/vc_row][vc_row content_width=&#8221;grid&#8221; css=&#8221;.vc_custom_1448977310091{padding-bottom: 70px !important;}&#8221;][vc_column offset=&#8221;vc_col-lg-4 vc_col-md-12&#8243;]<div class=\"mkdf-animations-holder mkdf-element-from-bottom\" data-animation=\"mkdf-element-from-bottom\">\n\t<div style=\"transition-delay: 200ms;-webkit-animation-delay: 200ms;animation-delay: 200ms;animation-duration: 700ms;-webkit-animation-duration: 700ms;-moz-animation-duration: 700ms\">\n\t\t<div class=\"mkdf-image-with-text-holder box\">\n\n            <div class=\"mkdf-imt-image\">\n\t            \t                <a href=\"https:\/\/www.uipath.com\/\">\n\t\t        \n                <div class=\"mkdf-imt-overlay\">\n\t                                <\/div>\n\n\t            \t\t            <\/a>\n\t                        <img loading=\"lazy\" decoding=\"async\" width=\"660\" height=\"458\" src=\"https:\/\/arpa.tech\/wp-content\/uploads\/2025\/08\/UI-Path.png\" class=\"attachment-full size-full\" alt=\"\" srcset=\"https:\/\/arpa.tech\/wp-content\/uploads\/2025\/08\/UI-Path.png 660w, https:\/\/arpa.tech\/wp-content\/uploads\/2025\/08\/UI-Path-300x208.png 300w\" sizes=\"auto, (max-width: 660px) 100vw, 660px\" \/>        <\/div>\n    \n    <div class=\"mkdf-content-holder\">\n        <h4 class=\"mkdf-image-with-text-title\">\n            UiPath        <\/h4>\n                    <p class=\"mkdf-image-with-text\">o nosso parceiro-chave em automatiza\u00e7\u00e3o de processos inteligente, possibilitando fluxos de trabalho digitais escal\u00e1veis e eficientes.<\/p>\n        \n        <div class=\"mkdf-imt-link-holder\">\n                    <a class=\"mkdf-arrow-link\" href=\"https:\/\/www.uipath.com\/\" target=\"_blank\">\n\t            <span class=\"mkdf-al-icon\">\n\t\t\t\t\t<span class=\"icon-arrow-right-circle\"><\/span>\n\t\t\t\t<\/span>\n\t            <span class=\"mkdf-al-text\">Saiba mais<\/span>\n            <\/a>\n                <\/div>\n    <\/div>\n<\/div>\n\n\t<\/div>\n\n<\/div>[vc_empty_space height=&#8221;40&#8243;][\/vc_column][vc_column offset=&#8221;vc_col-lg-4 vc_col-md-12&#8243;]<div class=\"mkdf-animations-holder mkdf-element-from-bottom\" data-animation=\"mkdf-element-from-bottom\">\n\t<div style=\"transition-delay: 400ms;-webkit-animation-delay: 400ms;animation-delay: 400ms;animation-duration: 700ms;-webkit-animation-duration: 700ms;-moz-animation-duration: 700ms\">\n\t\t<div class=\"mkdf-image-with-text-holder box\">\n\n            <div class=\"mkdf-imt-image\">\n\t            \t                <a href=\"https:\/\/www.microsoft.com\">\n\t\t        \n                <div class=\"mkdf-imt-overlay\">\n\t                                <\/div>\n\n\t            \t\t            <\/a>\n\t                        <img loading=\"lazy\" decoding=\"async\" width=\"660\" height=\"458\" src=\"https:\/\/arpa.tech\/wp-content\/uploads\/2025\/08\/Microsoft.png\" class=\"attachment-full size-full\" alt=\"\" srcset=\"https:\/\/arpa.tech\/wp-content\/uploads\/2025\/08\/Microsoft.png 660w, https:\/\/arpa.tech\/wp-content\/uploads\/2025\/08\/Microsoft-300x208.png 300w\" sizes=\"auto, (max-width: 660px) 100vw, 660px\" \/>        <\/div>\n    \n    <div class=\"mkdf-content-holder\">\n        <h4 class=\"mkdf-image-with-text-title\">\n            Microsoft        <\/h4>\n                    <p class=\"mkdf-image-with-text\">tirando partido do Azure, do Power Automate e do amplo ecossistema Microsoft para impulsionar a transforma\u00e7\u00e3o na cloud e a automa\u00e7\u00e3o low-code em empresas.<\/p>\n        \n        <div class=\"mkdf-imt-link-holder\">\n                    <a class=\"mkdf-arrow-link\" href=\"https:\/\/www.microsoft.com\" target=\"_blank\">\n\t            <span class=\"mkdf-al-icon\">\n\t\t\t\t\t<span class=\"icon-arrow-right-circle\"><\/span>\n\t\t\t\t<\/span>\n\t            <span class=\"mkdf-al-text\">Saiba mais<\/span>\n            <\/a>\n                <\/div>\n    <\/div>\n<\/div>\n\n\t<\/div>\n\n<\/div>[vc_empty_space height=&#8221;40&#8243;][\/vc_column][vc_column offset=&#8221;vc_col-lg-4 vc_col-md-12&#8243;]<div class=\"mkdf-animations-holder mkdf-element-from-bottom\" data-animation=\"mkdf-element-from-bottom\">\n\t<div style=\"transition-delay: 600ms;-webkit-animation-delay: 600ms;animation-delay: 600ms;animation-duration: 700ms;-webkit-animation-duration: 700ms;-moz-animation-duration: 700ms\">\n\t\t<div class=\"mkdf-image-with-text-holder box\">\n\n            <div class=\"mkdf-imt-image\">\n\t            \t                <a href=\"https:\/\/google.com\">\n\t\t        \n                <div class=\"mkdf-imt-overlay\">\n\t                                <\/div>\n\n\t            \t\t            <\/a>\n\t                        <img loading=\"lazy\" decoding=\"async\" width=\"660\" height=\"458\" src=\"https:\/\/arpa.tech\/wp-content\/uploads\/2025\/08\/Google.png\" class=\"attachment-full size-full\" alt=\"\" srcset=\"https:\/\/arpa.tech\/wp-content\/uploads\/2025\/08\/Google.png 660w, https:\/\/arpa.tech\/wp-content\/uploads\/2025\/08\/Google-300x208.png 300w\" sizes=\"auto, (max-width: 660px) 100vw, 660px\" \/>        <\/div>\n    \n    <div class=\"mkdf-content-holder\">\n        <h4 class=\"mkdf-image-with-text-title\">\n            Google        <\/h4>\n                    <p class=\"mkdf-image-with-text\">integrando ferramentas avan\u00e7adas de IA, machine learning e an\u00e1lise de dados da Google Cloud para promover insights e inova\u00e7\u00e3o.<\/p>\n        \n        <div class=\"mkdf-imt-link-holder\">\n                    <a class=\"mkdf-arrow-link\" href=\"https:\/\/google.com\" target=\"_blank\">\n\t            <span class=\"mkdf-al-icon\">\n\t\t\t\t\t<span class=\"icon-arrow-right-circle\"><\/span>\n\t\t\t\t<\/span>\n\t            <span class=\"mkdf-al-text\">Saiba mais<\/span>\n            <\/a>\n                <\/div>\n    <\/div>\n<\/div>\n\n\t<\/div>\n\n<\/div>[vc_empty_space height=&#8221;40&#8243;][\/vc_column][\/vc_row]<\/p>\n<\/section>","protected":false},"excerpt":{"rendered":"<p>[vc_row content_width=&#8221;grid&#8221; css=&#8221;.vc_custom_1758619874496{margin-top: 70px !important;margin-bottom: 80px !important;}&#8221;][vc_column width=&#8221;1\/2&#8243;][vc_empty_space][vc_column_text] Quem somos [\/vc_column_text][vc_empty_space][vc_column_text]A ARPA \u00e9 uma empresa de consultoria criada na intersec\u00e7\u00e3o entre a automatiza\u00e7\u00e3o e a intelig\u00eancia artificial. Ajudamos as organiza\u00e7\u00f5es a transformar a complexidade em clareza, automatizando processos, analisandodados em grande escala e entregando resultados&#8230;<\/p>\n","protected":false},"author":1,"featured_media":0,"parent":0,"menu_order":0,"comment_status":"closed","ping_status":"closed","template":"full-width.php","meta":{"_acf_changed":false,"footnotes":""},"class_list":["post-4916","page","type-page","status-publish","hentry"],"acf":[],"_hostinger_reach_plugin_has_subscription_block":false,"_hostinger_reach_plugin_is_elementor":false,"_links":{"self":[{"href":"https:\/\/arpa.tech\/pt-pt\/wp-json\/wp\/v2\/pages\/4916","targetHints":{"allow":["GET"]}}],"collection":[{"href":"https:\/\/arpa.tech\/pt-pt\/wp-json\/wp\/v2\/pages"}],"about":[{"href":"https:\/\/arpa.tech\/pt-pt\/wp-json\/wp\/v2\/types\/page"}],"author":[{"embeddable":true,"href":"https:\/\/arpa.tech\/pt-pt\/wp-json\/wp\/v2\/users\/1"}],"replies":[{"embeddable":true,"href":"https:\/\/arpa.tech\/pt-pt\/wp-json\/wp\/v2\/comments?post=4916"}],"version-history":[{"count":12,"href":"https:\/\/arpa.tech\/pt-pt\/wp-json\/wp\/v2\/pages\/4916\/revisions"}],"predecessor-version":[{"id":5108,"href":"https:\/\/arpa.tech\/pt-pt\/wp-json\/wp\/v2\/pages\/4916\/revisions\/5108"}],"wp:attachment":[{"href":"https:\/\/arpa.tech\/pt-pt\/wp-json\/wp\/v2\/media?parent=4916"}],"curies":[{"name":"wp","href":"https:\/\/api.w.org\/{rel}","templated":true}]}}