{"id":4932,"date":"2015-12-01T09:49:55","date_gmt":"2015-12-01T08:49:55","guid":{"rendered":"https:\/\/arpa.tech\/sobre-nos\/"},"modified":"2025-11-19T15:50:25","modified_gmt":"2025-11-19T14:50:25","slug":"sobre-nos","status":"publish","type":"page","link":"https:\/\/arpa.tech\/pt-pt\/sobre-nos\/","title":{"rendered":"Sobre n\u00f3s"},"content":{"rendered":"<section class=\"wpb-content-wrapper\"><p>[vc_row content_width=&#8221;grid&#8221; css=&#8221;.vc_custom_1448982466095{padding-top: 95px !important;padding-bottom: 37px !important;}&#8221;][vc_column offset=&#8221;vc_col-lg-6 vc_col-md-12&#8243;][vc_empty_space height=&#8221;20&#8243;]<div class=\"mkdf-animations-holder mkdf-element-from-left\" data-animation=\"mkdf-element-from-left\">\n\t<div style=\"transition-delay: 200ms;-webkit-animation-delay: 200ms;animation-delay: 200ms;animation-duration: 700ms;-webkit-animation-duration: 700ms;-moz-animation-duration: 700ms\">\n\t\t[vc_single_image image=&#8221;4857&#8243; img_size=&#8221;full&#8221; alignment=&#8221;center&#8221;]\t<\/div>\n\n<\/div>[\/vc_column][vc_column offset=&#8221;vc_col-lg-6 vc_col-md-12&#8243;][vc_empty_space height=&#8221;50px&#8221;]<div class=\"mkdf-section-title-holder\">\n\t<h2 class=\"mkdf-section-title\" >Sobre n\u00f3s<\/h2>\n<\/div>[vc_empty_space height=&#8221;10px&#8221;][vc_column_text]A hist\u00f3ria da ARPA come\u00e7ou com uma ideia simples: e se a tecnologia pudesse assumir o trabalho pesado das empresas, libertando as pessoas para se concentrarem no que realmente importa?<\/p>\n<p>Uma pequena equipa de inovadores apaixonados lan\u00e7ou-se para tornar essa vis\u00e3o realidade, mergulhando no mundo da automatiza\u00e7\u00e3o, dos dados e da intelig\u00eancia artificial.<\/p>\n<p>Desde cedo, trabalh\u00e1mos lado a lado com clientes de diferentes setores, aprendendo os seus desafios \u00fanicos e criando solu\u00e7\u00f5es que n\u00e3o s\u00f3 automatizavam tarefas, mas transformavam a forma como trabalhavam.[\/vc_column_text][\/vc_column][\/vc_row][vc_row content_width=&#8221;grid&#8221; css=&#8221;.vc_custom_1448982466095{padding-top: 95px !important;padding-bottom: 37px !important;}&#8221;][vc_column offset=&#8221;vc_col-lg-6 vc_col-md-12&#8243;][vc_empty_space height=&#8221;150px&#8221;][vc_column_text]Cada projeto tornou-se uma nova hist\u00f3ria de descoberta, desbloqueando insights a partir de montanhas de dados, acelerando processos complexos e reduzindo riscos que antes pareciam inevit\u00e1veis.<\/p>\n<p>&nbsp;<\/p>\n<p>Com o passar dos anos, a nossa equipa cresceu \u2014 e as nossas ambi\u00e7\u00f5es tamb\u00e9m. Abra\u00e7\u00e1mos tecnologias de ponta como Machine Learning e Big Data, desafiando sempre os limites do que a automa\u00e7\u00e3o pode alcan\u00e7ar.[\/vc_column_text][\/vc_column][vc_column offset=&#8221;vc_col-lg-6 vc_col-md-12&#8243;][vc_empty_space height=&#8221;20&#8243;]<div class=\"mkdf-animations-holder mkdf-element-from-left\" data-animation=\"mkdf-element-from-left\">\n\t<div style=\"transition-delay: 200ms;-webkit-animation-delay: 200ms;animation-delay: 200ms;animation-duration: 700ms;-webkit-animation-duration: 700ms;-moz-animation-duration: 700ms\">\n\t\t[vc_single_image image=&#8221;5161&#8243; img_size=&#8221;full&#8221; alignment=&#8221;center&#8221;]\t<\/div>\n\n<\/div>[\/vc_column][\/vc_row][vc_row content_width=&#8221;grid&#8221; css=&#8221;.vc_custom_1448982466095{padding-top: 95px !important;padding-bottom: 37px !important;}&#8221;][vc_column offset=&#8221;vc_col-lg-6 vc_col-md-12&#8243;][vc_empty_space height=&#8221;20&#8243;]<div class=\"mkdf-animations-holder mkdf-element-from-left\" data-animation=\"mkdf-element-from-left\">\n\t<div style=\"transition-delay: 200ms;-webkit-animation-delay: 200ms;animation-delay: 200ms;animation-duration: 700ms;-webkit-animation-duration: 700ms;-moz-animation-duration: 700ms\">\n\t\t[vc_single_image image=&#8221;5162&#8243; img_size=&#8221;full&#8221; alignment=&#8221;center&#8221;]\t<\/div>\n\n<\/div>[\/vc_column][vc_column offset=&#8221;vc_col-lg-6 vc_col-md-12&#8243;][vc_empty_space height=&#8221;150px&#8221;][vc_column_text]Mas o que nunca mudou foi a nossa convic\u00e7\u00e3o de que a tecnologia deve servir as pessoas, capacitando equipas, melhorando vidas e impulsionando progresso com significado.<\/p>\n<p>&nbsp;<\/p>\n<p>Hoje, a ARPA orgulha-se de ser um parceiro de confian\u00e7a para empresas prontas para reinventar o seu futuro. A nossa jornada est\u00e1 longe de terminar; cada desafio \u00e9 um novo cap\u00edtulo, e estamos entusiasmados por escrev\u00ea-lo em conjunto.[\/vc_column_text][\/vc_column][\/vc_row][vc_row content_aligment=&#8221;center&#8221; css=&#8221;.vc_custom_1753711538830{padding-top: 60px !important;padding-bottom: 80px !important;}&#8221;][vc_column width=&#8221;1\/6&#8243;][\/vc_column][vc_column width=&#8221;2\/3&#8243;][vc_column_text]<\/p>\n<h2 style=\"text-align: center;\">Parceiros<\/h2>\n<p>[\/vc_column_text][vc_empty_space height=&#8221;20&#8243;][vc_column_text]<\/p>\n<p style=\"text-align: center;\">Na ARPA, constru\u00edmos parcerias fortes e estrat\u00e9gicas com l\u00edderes tecnol\u00f3gicos globais para entregar solu\u00e7\u00f5es de ponta em automa\u00e7\u00e3o, IA e an\u00e1lise de dados.<br \/>\nColaboramos com:<\/p>\n<p>[\/vc_column_text][\/vc_column][vc_column width=&#8221;1\/6&#8243;][\/vc_column][\/vc_row][vc_row content_width=&#8221;grid&#8221; css=&#8221;.vc_custom_1753712130982{padding-bottom: 97px !important;}&#8221; el_class=&#8221;pad h-max&#8221;][vc_column offset=&#8221;vc_col-lg-4 vc_col-md-4&#8243; css=&#8221;.vc_custom_1753710602642{padding-top: 0px !important;padding-right: 0px !important;padding-left: 0px !important;background-color: #ffffff !important;}&#8221; el_class=&#8221;no-pad&#8221;]<div class=\"mkdf-animations-holder mkdf-element-from-bottom\" data-animation=\"mkdf-element-from-bottom\">\n\t<div style=\"transition-delay: 200ms;-webkit-animation-delay: 200ms;animation-delay: 200ms;animation-duration: 500ms;-webkit-animation-duration: 500ms;-moz-animation-duration: 500ms\">\n\t\t[vc_single_image image=&#8221;4860&#8243; img_size=&#8221;full&#8221; onclick=&#8221;custom_link&#8221; img_link_target=&#8221;_blank&#8221; link=&#8221;https:\/\/www.uipath.com\/&#8221;][vc_column_text css=&#8221;.vc_custom_1753710148666{padding-top: 5% !important;padding-right: 10% !important;padding-left: 10% !important;}&#8221;]<\/p>\n<h4>UiPath<\/h4>\n<p>[\/vc_column_text][vc_empty_space height=&#8221;17&#8243;][vc_column_text css=&#8221;.vc_custom_1753710155915{padding-right: 10% !important;padding-left: 10% !important;}&#8221;]O nosso parceiro principal para automa\u00e7\u00e3o inteligente de processos, permitindo fluxos de trabalho digitais escal\u00e1veis e eficientes.<br \/>\nSaber mais[\/vc_column_text]\t<\/div>\n\n<\/div>[vc_empty_space height=&#8221;40&#8243;]<a href=\"https:\/\/www.uipath.com\/\" target=\"_blank\" style=\"color: #c5d005;background-color: rgba(255,255,255,0.01);border-color: rgba(255,255,255,0.01);font-weight: 400;margin: 0 0 0 6%;text-transform: none\" class=\"mkdf-btn mkdf-btn-medium mkdf-btn-white mkdf-btn-custom-hover-bg mkdf-btn-custom-border-hover mkdf-btn-custom-hover-color mkdf-btn-custom-hover-color mkdf-btn-icon cta-blocks\" data-hover-bg-color=\"rgba(255,255,255,0.01)\" data-hover-color=\"#c5d005\" data-hover-border-color=\"rgba(255,255,255,0.01)\" >\n            <span class=\"mkdf-btn-icon-holder\">\n            <i class=\"mkdf-icon-font-awesome fa fa-arrow-circle-o-right mkdf-btn-icon-elem\" ><\/i>            <i class=\"mkdf-icon-font-awesome fa fa-arrow-circle-o-right mkdf-btn-icon-elem hover\" ><\/i>        <\/span>\n        <span class=\"mkdf-btn-text\">Learn More<\/span>\n<\/a>[vc_empty_space height=&#8221;10&#8243;][\/vc_column][vc_column offset=&#8221;vc_col-lg-4 vc_col-md-4&#8243; css=&#8221;.vc_custom_1753460831985{padding-top: 0px !important;padding-right: 0px !important;padding-left: 0px !important;background-color: #ffffff !important;}&#8221; el_class=&#8221;no-pad&#8221;]<div class=\"mkdf-animations-holder mkdf-element-from-bottom\" data-animation=\"mkdf-element-from-bottom\">\n\t<div style=\"transition-delay: 400ms;-webkit-animation-delay: 400ms;animation-delay: 400ms;animation-duration: 500ms;-webkit-animation-duration: 500ms;-moz-animation-duration: 500ms\">\n\t\t[vc_single_image image=&#8221;4861&#8243; img_size=&#8221;full&#8221; onclick=&#8221;custom_link&#8221; img_link_target=&#8221;_blank&#8221; link=&#8221;https:\/\/www.microsoft.com&#8221;][vc_column_text css=&#8221;.vc_custom_1753710168655{padding-top: 5% !important;padding-right: 10% !important;padding-left: 10% !important;}&#8221;]<\/p>\n<h4>Microsoft<\/h4>\n<p>[\/vc_column_text][vc_empty_space height=&#8221;17&#8243;][vc_column_text css=&#8221;.vc_custom_1753712216950{padding-right: 10% !important;padding-left: 10% !important;}&#8221;]Aproveitamos o Azure, o Power Automate e todo o ecossistema Microsoft para impulsionar a transforma\u00e7\u00e3o na cloud e a automa\u00e7\u00e3o low-code em toda a organiza\u00e7\u00e3o.[\/vc_column_text]\t<\/div>\n\n<\/div>[vc_empty_space height=&#8221;10&#8243;]<a href=\"https:\/\/www.microsoft.com\/\" target=\"_blank\" style=\"color: #c5d005;background-color: rgba(255,255,255,0.01);border-color: rgba(255,255,255,0.01);font-weight: 400;margin: 0 0 0 6%;text-transform: none\" class=\"mkdf-btn mkdf-btn-medium mkdf-btn-white mkdf-btn-custom-hover-bg mkdf-btn-custom-border-hover mkdf-btn-custom-hover-color mkdf-btn-custom-hover-color mkdf-btn-icon cta-blocks\" data-hover-bg-color=\"rgba(255,255,255,0.01)\" data-hover-color=\"#c5d005\" data-hover-border-color=\"rgba(255,255,255,0.01)\" >\n            <span class=\"mkdf-btn-icon-holder\">\n            <i class=\"mkdf-icon-font-awesome fa fa-arrow-circle-o-right mkdf-btn-icon-elem\" ><\/i>            <i class=\"mkdf-icon-font-awesome fa fa-arrow-circle-o-right mkdf-btn-icon-elem hover\" ><\/i>        <\/span>\n        <span class=\"mkdf-btn-text\">Learn More<\/span>\n<\/a>[vc_empty_space height=&#8221;10&#8243;][\/vc_column][vc_column offset=&#8221;vc_col-lg-4 vc_col-md-4&#8243; css=&#8221;.vc_custom_1753460927681{padding-top: 0px !important;padding-right: 0px !important;padding-left: 0px !important;background-color: #ffffff !important;}&#8221; el_class=&#8221;no-pad&#8221;]<div class=\"mkdf-animations-holder mkdf-element-from-bottom\" data-animation=\"mkdf-element-from-bottom\">\n\t<div style=\"transition-delay: 600ms;-webkit-animation-delay: 600ms;animation-delay: 600ms;animation-duration: 500ms;-webkit-animation-duration: 500ms;-moz-animation-duration: 500ms\">\n\t\t[vc_single_image image=&#8221;4862&#8243; img_size=&#8221;full&#8221; onclick=&#8221;custom_link&#8221; img_link_target=&#8221;_blank&#8221; link=&#8221;http:\/\/google.com&#8221;][vc_column_text css=&#8221;.vc_custom_1753710182800{padding-top: 5% !important;padding-right: 10% !important;padding-left: 10% !important;}&#8221;]<\/p>\n<h4>Google<\/h4>\n<p>[\/vc_column_text][vc_empty_space height=&#8221;17&#8243;][vc_column_text css=&#8221;.vc_custom_1753710188890{padding-right: 10% !important;padding-left: 10% !important;}&#8221;]Integramos IA avan\u00e7ada, machine learning e ferramentas de dados do Google Cloud para gerar insights e inova\u00e7\u00e3o.[\/vc_column_text]\t<\/div>\n\n<\/div>[vc_empty_space height=&#8221;40&#8243;]<a href=\"https:\/\/google.com\" target=\"_blank\" style=\"color: #c5d005;background-color: rgba(255,255,255,0.01);border-color: rgba(255,255,255,0.01);font-weight: 400;margin: 0 0 0 6%;text-transform: none\" class=\"mkdf-btn mkdf-btn-medium mkdf-btn-white mkdf-btn-custom-hover-bg mkdf-btn-custom-border-hover mkdf-btn-custom-hover-color mkdf-btn-custom-hover-color mkdf-btn-icon cta-blocks\" data-hover-bg-color=\"rgba(255,255,255,0.01)\" data-hover-color=\"#c5d005\" data-hover-border-color=\"rgba(255,255,255,0.01)\" >\n            <span class=\"mkdf-btn-icon-holder\">\n            <i class=\"mkdf-icon-font-awesome fa fa-arrow-circle-o-right mkdf-btn-icon-elem\" ><\/i>            <i class=\"mkdf-icon-font-awesome fa fa-arrow-circle-o-right mkdf-btn-icon-elem hover\" ><\/i>        <\/span>\n        <span class=\"mkdf-btn-text\">Learn More<\/span>\n<\/a>[vc_empty_space height=&#8221;10&#8243;][\/vc_column][\/vc_row][vc_row row_type=&#8221;parallax&#8221; content_width=&#8221;grid&#8221; content_aligment=&#8221;center&#8221; full_screen_section_height=&#8221;no&#8221; css=&#8221;.vc_custom_1753712799721{padding-top: 197px !important;padding-bottom: 220px !important;background-image: url(http:\/\/arpa.tech\/wp-content\/uploads\/2025\/07\/shutterstock_2495143773-2-1.jpg?id=4356) !important;}&#8221; el_class=&#8221;c-w&#8221;][vc_column]<div class=\"mkdf-animations-holder mkdf-element-from-bottom\" data-animation=\"mkdf-element-from-bottom\">\n\t<div style=\"transition-delay: 200ms;-webkit-animation-delay: 200ms;animation-delay: 200ms;animation-duration: 500ms;-webkit-animation-duration: 500ms;-moz-animation-duration: 500ms\">\n\t\t<div class=\"mkdf-section-title-holder\">\n\t<h2 class=\"mkdf-section-title mkdf-section-title-large\" style=\"color: #ffffff\">Together, we automate smarter.\u2028Together, we deliver results.<\/h2>\n<\/div>\t<\/div>\n\n<\/div><div class=\"mkdf-animations-holder mkdf-element-from-bottom\" data-animation=\"mkdf-element-from-bottom\">\n\t<div style=\"transition-delay: 200ms;-webkit-animation-delay: 200ms;animation-delay: 200ms;animation-duration: 500ms;-webkit-animation-duration: 500ms;-moz-animation-duration: 500ms\">\n\t\t[vc_row_inner css=&#8221;.vc_custom_1448626932731{padding-top: 12px !important;padding-bottom: 36px !important;}&#8221;][vc_column_inner offset=&#8221;vc_col-lg-offset-1 vc_col-lg-10 vc_col-md-offset-1 vc_col-md-10&#8243;]\n<h2 class=\"mkdf-custom-font-holder\" style=\"font-family: Open Sans;line-height: 33px;font-weight: 400;letter-spacing: 0px;text-align: center;color: #ffffff\" data-line-height= 33>\n\t<\/h2>[\/vc_column_inner][\/vc_row_inner]\t<\/div>\n\n<\/div><div class=\"mkdf-animations-holder mkdf-element-from-bottom\" data-animation=\"mkdf-element-from-bottom\">\n\t<div style=\"transition-delay: 200ms;-webkit-animation-delay: 200ms;animation-delay: 200ms;animation-duration: 500ms;-webkit-animation-duration: 500ms;-moz-animation-duration: 500ms\">\n\t\t\t<\/div>\n\n<\/div>[\/vc_column][\/vc_row][vc_row content_width=&#8221;grid&#8221; css=&#8221;.vc_custom_1448982466095{padding-top: 95px !important;padding-bottom: 37px !important;}&#8221;][vc_column offset=&#8221;vc_col-lg-6 vc_col-md-12&#8243;][vc_empty_space height=&#8221;70px&#8221;]<div class=\"mkdf-section-title-holder\">\n\t<h2 class=\"mkdf-section-title\" >Cultura<\/h2>\n<\/div>[vc_empty_space height=&#8221;10px&#8221;][vc_column_text]Na ARPA, a nossa cultura baseia-se na inova\u00e7\u00e3o, colabora\u00e7\u00e3o e numa vontade incans\u00e1vel de simplificar a complexidade atrav\u00e9s da automa\u00e7\u00e3o e de tecnologia inteligente. Promovemos um ambiente onde a criatividade encontra a precis\u00e3o, capacitando a nossa equipa a conceber solu\u00e7\u00f5es inteligentes e escal\u00e1veis que transformam empresas em v\u00e1rios setores. Acreditamos na aprendizagem cont\u00ednua e na curiosidade, ultrapassando limites com tecnologias de ponta como Machine Learning, Big Data e RPA para entregar impacto mensur\u00e1vel. A nossa abordagem centrada nas pessoas incentiva a comunica\u00e7\u00e3o aberta, a diversidade de pensamento e um forte sentido de responsabilidade, fazendo da Arpa n\u00e3o apenas um local de trabalho, mas uma comunidade. A paix\u00e3o por resolver problemas e pelo sucesso dos clientes est\u00e1 no cora\u00e7\u00e3o de tudo o que fazemos. Trabalhamos de perto com os nossos parceiros para entender os seus desafios espec\u00edficos, criando solu\u00e7\u00f5es \u00e0 medida que automatizam processos, otimizam opera\u00e7\u00f5es e desbloqueiam novas oportunidades de crescimento. Junta-te a n\u00f3s e faz parte de uma cultura vision\u00e1ria onde a tecnologia e o trabalho em equipa geram resultados reais, porque na Arpa n\u00e3o nos limitamos a automatizar, <strong>automatizamos mais!<\/strong>[\/vc_column_text][\/vc_column][vc_column offset=&#8221;vc_col-lg-6 vc_col-md-12&#8243;][vc_empty_space height=&#8221;20&#8243;]<div class=\"mkdf-animations-holder mkdf-element-from-left\" data-animation=\"mkdf-element-from-left\">\n\t<div style=\"transition-delay: 200ms;-webkit-animation-delay: 200ms;animation-delay: 200ms;animation-duration: 700ms;-webkit-animation-duration: 700ms;-moz-animation-duration: 700ms\">\n\t\t[vc_single_image image=&#8221;4863&#8243; img_size=&#8221;full&#8221; alignment=&#8221;center&#8221;]\t<\/div>\n\n<\/div>[\/vc_column][\/vc_row]<\/p>\n<\/section>","protected":false},"excerpt":{"rendered":"<p>[vc_row content_width=&#8221;grid&#8221; css=&#8221;.vc_custom_1448982466095{padding-top: 95px !important;padding-bottom: 37px !important;}&#8221;][vc_column offset=&#8221;vc_col-lg-6 vc_col-md-12&#8243;][vc_empty_space height=&#8221;20&#8243;][\/vc_column][vc_column offset=&#8221;vc_col-lg-6 vc_col-md-12&#8243;][vc_empty_space height=&#8221;50px&#8221;][vc_empty_space height=&#8221;10px&#8221;][vc_column_text]A hist\u00f3ria da ARPA come\u00e7ou com uma ideia simples: e se a tecnologia pudesse assumir o trabalho pesado das empresas, libertando as pessoas para se concentrarem no que realmente importa? Uma pequena&#8230;<\/p>\n","protected":false},"author":1,"featured_media":0,"parent":0,"menu_order":0,"comment_status":"closed","ping_status":"closed","template":"full-width.php","meta":{"_acf_changed":false,"footnotes":""},"class_list":["post-4932","page","type-page","status-publish","hentry"],"acf":[],"_hostinger_reach_plugin_has_subscription_block":false,"_hostinger_reach_plugin_is_elementor":false,"_links":{"self":[{"href":"https:\/\/arpa.tech\/pt-pt\/wp-json\/wp\/v2\/pages\/4932","targetHints":{"allow":["GET"]}}],"collection":[{"href":"https:\/\/arpa.tech\/pt-pt\/wp-json\/wp\/v2\/pages"}],"about":[{"href":"https:\/\/arpa.tech\/pt-pt\/wp-json\/wp\/v2\/types\/page"}],"author":[{"embeddable":true,"href":"https:\/\/arpa.tech\/pt-pt\/wp-json\/wp\/v2\/users\/1"}],"replies":[{"embeddable":true,"href":"https:\/\/arpa.tech\/pt-pt\/wp-json\/wp\/v2\/comments?post=4932"}],"version-history":[{"count":38,"href":"https:\/\/arpa.tech\/pt-pt\/wp-json\/wp\/v2\/pages\/4932\/revisions"}],"predecessor-version":[{"id":5213,"href":"https:\/\/arpa.tech\/pt-pt\/wp-json\/wp\/v2\/pages\/4932\/revisions\/5213"}],"wp:attachment":[{"href":"https:\/\/arpa.tech\/pt-pt\/wp-json\/wp\/v2\/media?parent=4932"}],"curies":[{"name":"wp","href":"https:\/\/api.w.org\/{rel}","templated":true}]}}