{"id":5059,"date":"2015-12-02T10:49:48","date_gmt":"2015-12-02T09:49:48","guid":{"rendered":"https:\/\/arpa.tech\/contactos\/"},"modified":"2025-11-19T15:34:31","modified_gmt":"2025-11-19T14:34:31","slug":"contactos","status":"publish","type":"page","link":"https:\/\/arpa.tech\/pt-pt\/contactos\/","title":{"rendered":"Contactos"},"content":{"rendered":"<section class=\"wpb-content-wrapper\"><p>[vc_row][vc_column]<div class=\"mkdf-google-map-holder\">\n\t<div class=\"mkdf-google-map\" id=\"mkdf-map-386479\" data-addresses='[\"N\u00facleo Empresarial Sarcol, R. do Tronco N\u00b0 375 Sala 1.7, 4465-275 S\u00e3o Mamede de Infesta\"]' data-custom-map-style = \"false\" data-color-overlay = \"#393939\" data-saturation = \"-100\" data-lightness = \"-60\" data-zoom = \"16\" data-pin = \"https:\/\/arpa.tech\/wp-content\/themes\/deploy\/assets\/img\/pin.png\" data-unique-id = \"386479\" data-scroll-wheel = \"false\" data-height=\"600\"><\/div>\n\t\t\t<div class=\"mkdf-google-map-overlay\"><\/div>\n\t<\/div>\n[\/vc_column][\/vc_row][vc_row css=&#8221;.vc_custom_1449053442644{padding-top: 110px !important;padding-bottom: 110px !important;}&#8221;][vc_column offset=&#8221;vc_col-lg-4 vc_col-md-12&#8243;][vc_column_text]<\/p>\n<h4><strong>Entre em contato<\/strong><\/h4>\n<p>[\/vc_column_text][vc_empty_space height=&#8221;20&#8243;][vc_column_text]Na ARPA, acreditamos que as melhores solu\u00e7\u00f5es come\u00e7am com uma conversa. Contacta-nos para discutir os Seus desafios, colocar perguntas ou descobrir como a nossa consultoria pode apoiar os Seus objetivos.[\/vc_column_text][vc_empty_space height=&#8221;24&#8243;][vc_column_text]<strong>Telefone:<\/strong> <a href=\"tel:+351969768361\" target=\"_blank\" rel=\"noopener\">+351 969 768 361<\/a><br \/>\n<strong>Email:<\/strong> <a href=\"mailto:info@arpa.tech\" target=\"_blank\" rel=\"noopener\">info@arpa.tech<\/a><br \/>\nQuer ver a ARPA em a\u00e7\u00e3o? <a href=\"\/arpa\/#\/\">Agende uma Demonstra\u00e7\u00e3o \u2192<\/a>[\/vc_column_text][vc_empty_space height=&#8221;24&#8243;][vc_column_text]<\/p>\n<h4><b>Mantenha-se em contacto com a Arpa<\/b><\/h4>\n<p><span style=\"font-weight: 400;\">Siga a ARPA nas redes sociais para acompanhar as \u00faltimas novidades sobre automatiza\u00e7\u00e3o, inova\u00e7\u00e3o e o<br \/>\nfuturo do trabalho. Partilhamos estudos de caso, tend\u00eancias do setor, bastidores e insights dos nossos<br \/>\nespecialistas. Junte-se \u00e0 conversa e descubra como ajudamos organiza\u00e7\u00f5es a transformar-se com<br \/>\nautomatiza\u00e7\u00e3o inteligente, todos os dias. <\/span><\/p>\n<p>[\/vc_column_text]<div class=\"mkdf-separator-holder clearfix  mkdf-separator-center\">\n\t<div class=\"mkdf-separator\" style=\"border-color: #eaeaea;width: 100%;border-bottom-width: 1pxpx;margin-top: 18px;margin-bottom: 24px\"><\/div>\n<\/div>\n[vc_raw_html]PGRpdiBzdHlsZT0iZGlzcGxheTppbmxpbmUtYmxvY2s7Ij48YSBocmVmPSJodHRwczovL3d3dy5saW5rZWRpbi5jb20vY29tcGFueS9hcnBhLWF1dG9tYXRlLW1vcmUvIiB0YXJnZXQ9Il9ibGFuayIgc3R5bGU9Im1hcmdpbi1yaWdodDoxMHB4OyIiPjxzcGFuIGNsYXNzPSJta2RmLWltYWdlLWljb24iPiA8aSBjbGFzcz0ibWtkZi1pY29uLWZvbnQtYXdlc29tZSBmYSBmYS1saW5rZWRpbiBta2RmLWljb24tZWxlbWVudCIgc3R5bGU9ImNvbG9yOiAjQzVEMDA1O2ZvbnQtc2l6ZTozMHB4Ij48L2k+ICAgPC9zcGFuPiA8L2E+CjxhIGhyZWY9Imh0dHBzOi8vd3d3Lmluc3RhZ3JhbS5jb20vYXJwYV9hdXRvbWF0ZW1vcmUvIiB0YXJnZXQ9Il9ibGFuayI+ICA8c3BhbiBjbGFzcz0ibWtkZi1pbWFnZS1pY29uIj4KCQkJCQkJICAgICAgICAgICAgICAgICAgICAgICAgICAgIDxpIGNsYXNzPSJta2RmLWljb24tZm9udC1hd2Vzb21lIGZhIGZhLWluc3RhZ3JhbSBta2RmLWljb24tZWxlbWVudCIgc3R5bGU9ImNvbG9yOiAjQzVEMDA1OyBmb250LXNpemU6MzBweCI+PC9pPiAgICAgICAgICAgICAgICAgICAgICAgICAgICAgICAgICAgICAgICAgICAgPC9zcGFuPiAgPC9hPjwvZGl2Pg==[\/vc_raw_html][vc_empty_space height=&#8221;30&#8243;][\/vc_column][vc_column offset=&#8221;vc_col-lg-8 vc_col-md-12&#8243;][vc_column_text]<\/p>\n<h3>Entre em contato<\/h3>\n<p>[\/vc_column_text][vc_empty_space height=&#8221;8&#8243;][vc_column_text]<b>Vamos Come\u00e7ar a Conversar<\/b><\/p>\n<h5>Tem alguma pergunta, precisa de aconselhamento ou est\u00e1 pronto para explorar oportunidades de automatiza\u00e7\u00e3o? Preencha o formul\u00e1rio abaixo e entraremos em contacto consigo dentro de 1 a 2 dias \u00fateis.<\/h5>\n<p>[\/vc_column_text][vc_empty_space height=&#8221;29&#8243;]\n<div class=\"wpcf7 no-js\" id=\"wpcf7-f5097-o1\" lang=\"pt-PT\" dir=\"ltr\" data-wpcf7-id=\"5097\">\n<div class=\"screen-reader-response\"><p role=\"status\" aria-live=\"polite\" aria-atomic=\"true\"><\/p> <ul><\/ul><\/div>\n<form action=\"\/pt-pt\/wp-json\/wp\/v2\/pages\/5059#wpcf7-f5097-o1\" method=\"post\" class=\"wpcf7-form init cf7_custom_style_1\" aria-label=\"Formul\u00e1rio de contacto\" novalidate=\"novalidate\" data-status=\"init\">\n<fieldset class=\"hidden-fields-container\"><input type=\"hidden\" name=\"_wpcf7\" value=\"5097\" \/><input type=\"hidden\" name=\"_wpcf7_version\" value=\"6.1.3\" \/><input type=\"hidden\" name=\"_wpcf7_locale\" value=\"pt_PT\" \/><input type=\"hidden\" name=\"_wpcf7_unit_tag\" value=\"wpcf7-f5097-o1\" \/><input type=\"hidden\" name=\"_wpcf7_container_post\" value=\"0\" \/><input type=\"hidden\" name=\"_wpcf7_posted_data_hash\" value=\"\" \/>\n<\/fieldset>\n<div class=\"mkdf-two-columns-50-50\">\n\t<div class=\"mkdf-two-columns-50-50-inner\">\n\t\t<div class=\"mkdf-column\">\n\t\t\t<div class=\"mkdf-column-inner\">\n\t\t\t\t<p><span class=\"wpcf7-form-control-wrap\" data-name=\"first-name\"><input size=\"40\" maxlength=\"400\" class=\"wpcf7-form-control wpcf7-text wpcf7-validates-as-required\" aria-required=\"true\" aria-invalid=\"false\" placeholder=\"Nome completo*\" value=\"\" type=\"text\" name=\"first-name\" \/><\/span>\n\t\t\t\t<\/p>\n\t\t\t<\/div>\n\t\t<\/div>\n\t\t<div class=\"mkdf-column\">\n\t\t\t<div class=\"mkdf-column-inner\">\n\t\t\t\t<p><span class=\"wpcf7-form-control-wrap\" data-name=\"your-email\"><input size=\"40\" maxlength=\"400\" class=\"wpcf7-form-control wpcf7-email wpcf7-validates-as-required wpcf7-text wpcf7-validates-as-email\" aria-required=\"true\" aria-invalid=\"false\" placeholder=\"Email*\" value=\"\" type=\"email\" name=\"your-email\" \/><\/span>\n\t\t\t\t<\/p>\n\t\t\t<\/div>\n\t\t<\/div>\n\t<\/div>\n<\/div>\n<div class=\"mkdf-two-columns-50-50\">\n\t<div class=\"mkdf-two-columns-50-50-inner\">\n\t\t<div class=\"mkdf-column\">\n\t\t\t<div class=\"mkdf-column-inner\">\n\t\t\t\t<p><span class=\"wpcf7-form-control-wrap\" data-name=\"company\"><input size=\"40\" maxlength=\"400\" class=\"wpcf7-form-control wpcf7-text wpcf7-validates-as-required\" aria-required=\"true\" aria-invalid=\"false\" placeholder=\"Organiza\u00e7\u00e3o \/ Empresa*\" value=\"\" type=\"text\" name=\"company\" \/><\/span>\n\t\t\t\t<\/p>\n\t\t\t<\/div>\n\t\t<\/div>\n\t\t<div class=\"mkdf-column\">\n\t\t\t<div class=\"mkdf-column-inner\">\n\t\t\t\t<p><span class=\"wpcf7-form-control-wrap\" data-name=\"role\"><input size=\"40\" maxlength=\"400\" class=\"wpcf7-form-control wpcf7-text\" aria-invalid=\"false\" placeholder=\"Fun\u00e7\u00e3o \/ Cargo\" value=\"\" type=\"text\" name=\"role\" \/><\/span>\n\t\t\t\t<\/p>\n\t\t\t<\/div>\n\t\t<\/div>\n\t<\/div>\n<\/div>\n<div class=\"mkdf-two-columns-50-50\">\n\t<div class=\"mkdf-two-columns-50-50-inner\">\n\t\t<div class=\"mkdf-column\">\n\t\t\t<div class=\"mkdf-column-inner\">\n\t\t\t\t<p><span class=\"wpcf7-form-control-wrap\" data-name=\"phone\"><input size=\"40\" maxlength=\"9\" minlength=\"9\" class=\"wpcf7-form-control wpcf7-tel wpcf7-text wpcf7-validates-as-tel\" aria-invalid=\"false\" placeholder=\"N\u00famero de telefone*\" value=\"\" type=\"tel\" name=\"phone\" \/><\/span>\n\t\t\t\t<\/p>\n\t\t\t<\/div>\n\t\t<\/div>\n\t\t<div class=\"mkdf-column\">\n\t\t\t<div class=\"mkdf-column-inner\">\n\t\t\t\t<p><span class=\"wpcf7-form-control-wrap\" data-name=\"subject\"><select class=\"wpcf7-form-control wpcf7-select\" aria-invalid=\"false\" name=\"subject\"><option value=\"\">Assunto:<\/option><option value=\"Consulta Geral\">Consulta Geral<\/option><option value=\"Marcar Demonstra\u00e7\u00e3o\">Marcar Demonstra\u00e7\u00e3o<\/option><option value=\"Discuss\u00e3o de Projeto\">Discuss\u00e3o de Projeto<\/option><option value=\"Parceria\">Parceria<\/option><option value=\"Outro\">Outro<\/option><\/select><\/span>\n\t\t\t\t<\/p>\n\t\t\t<\/div>\n\t\t<\/div>\n\t<\/div>\n<\/div>\n<div>\n\t<p><span class=\"wpcf7-form-control-wrap\" data-name=\"your-message\"><textarea cols=\"40\" rows=\"10\" maxlength=\"2000\" class=\"wpcf7-form-control wpcf7-textarea wpcf7-validates-as-required\" aria-required=\"true\" aria-invalid=\"false\" placeholder=\"Como podemos ajudar?\" name=\"your-message\"><\/textarea><\/span>\n\t<\/p>\n<\/div>\n<div>\n\t<div>\n\t\t<div class=\"mkdf-column\">\n\t\t\t<div class=\"mkdf-column-inner\">\n\t\t\t\t<p><span class=\"wpcf7-form-control-wrap\" data-name=\"method\"><select class=\"wpcf7-form-control wpcf7-select\" aria-invalid=\"false\" name=\"method\"><option value=\"\">M\u00e9todo de Contacto Preferido:<\/option><option value=\"Email\">Email<\/option><option value=\"Telefone\">Telefone<\/option><option value=\"Outro\">Outro<\/option><\/select><\/span>\n\t\t\t\t<\/p>\n\t\t\t<\/div>\n\t\t<\/div>\n\t<\/div>\n<\/div>\n<div class=\"mkdf-column\" style=\"margin-bottom: 30px;\">\n\t<div class=\"mkdf-column-inner\">\n\t\t<p><label><b>Gostaria de subscrever atualiza\u00e7\u00f5es sobre insights e ferramentas de automatiza\u00e7\u00e3o?<\/b><br \/>\n<span class=\"wpcf7-form-control-wrap\" data-name=\"newsletter\"><span class=\"wpcf7-form-control wpcf7-checkbox\"><span class=\"wpcf7-list-item first last\"><label><input type=\"checkbox\" name=\"newsletter[]\" value=\"Sim, quero subscrever!\" \/><span class=\"wpcf7-list-item-label\">Sim, quero subscrever!<\/span><\/label><\/span><\/span><\/span><\/label>\n\t\t<\/p>\n\t\t<p><span class=\"wpcf7-form-control-wrap\" data-name=\"acceptance-644\"><span class=\"wpcf7-form-control wpcf7-acceptance\"><span class=\"wpcf7-list-item\"><label><input type=\"checkbox\" name=\"acceptance-644\" value=\"1\" aria-invalid=\"false\" \/><span class=\"wpcf7-list-item-label\">Li e aceito a <a href=\"privacy-policy\">Politica de privacidade<\/a> deste website.<\/span><\/label><\/span><\/span><\/span>\n\t\t<\/p>\n\t<\/div>\n<\/div>\n<div>\n\t<p><input class=\"wpcf7-form-control wpcf7-submit has-spinner\" type=\"submit\" value=\"Enviar mensagem\" \/>\n\t<\/p>\n<\/div><div class=\"wpcf7-response-output\" aria-hidden=\"true\"><\/div>\n<\/form>\n<\/div>\n[\/vc_column][\/vc_row]<\/p>\n<\/section>","protected":false},"excerpt":{"rendered":"<p>[vc_row][vc_column][\/vc_column][\/vc_row][vc_row css=&#8221;.vc_custom_1449053442644{padding-top: 110px !important;padding-bottom: 110px !important;}&#8221;][vc_column offset=&#8221;vc_col-lg-4 vc_col-md-12&#8243;][vc_column_text] Entre em contato [\/vc_column_text][vc_empty_space height=&#8221;20&#8243;][vc_column_text]Na ARPA, acreditamos que as melhores solu\u00e7\u00f5es come\u00e7am com uma conversa. Contacta-nos para discutir os Seus desafios, colocar perguntas ou descobrir como a nossa consultoria pode apoiar os Seus objetivos.[\/vc_column_text][vc_empty_space height=&#8221;24&#8243;][vc_column_text]Telefone: +351 969&#8230;<\/p>\n","protected":false},"author":1,"featured_media":0,"parent":0,"menu_order":0,"comment_status":"closed","ping_status":"closed","template":"","meta":{"_acf_changed":false,"footnotes":""},"class_list":["post-5059","page","type-page","status-publish","hentry"],"acf":[],"_hostinger_reach_plugin_has_subscription_block":false,"_hostinger_reach_plugin_is_elementor":false,"_links":{"self":[{"href":"https:\/\/arpa.tech\/pt-pt\/wp-json\/wp\/v2\/pages\/5059","targetHints":{"allow":["GET"]}}],"collection":[{"href":"https:\/\/arpa.tech\/pt-pt\/wp-json\/wp\/v2\/pages"}],"about":[{"href":"https:\/\/arpa.tech\/pt-pt\/wp-json\/wp\/v2\/types\/page"}],"author":[{"embeddable":true,"href":"https:\/\/arpa.tech\/pt-pt\/wp-json\/wp\/v2\/users\/1"}],"replies":[{"embeddable":true,"href":"https:\/\/arpa.tech\/pt-pt\/wp-json\/wp\/v2\/comments?post=5059"}],"version-history":[{"count":9,"href":"https:\/\/arpa.tech\/pt-pt\/wp-json\/wp\/v2\/pages\/5059\/revisions"}],"predecessor-version":[{"id":5209,"href":"https:\/\/arpa.tech\/pt-pt\/wp-json\/wp\/v2\/pages\/5059\/revisions\/5209"}],"wp:attachment":[{"href":"https:\/\/arpa.tech\/pt-pt\/wp-json\/wp\/v2\/media?parent=5059"}],"curies":[{"name":"wp","href":"https:\/\/api.w.org\/{rel}","templated":true}]}}