{"id":5072,"date":"2025-09-24T13:27:03","date_gmt":"2025-09-24T12:27:03","guid":{"rendered":"https:\/\/arpa.tech\/aplicacao\/"},"modified":"2025-11-06T11:52:20","modified_gmt":"2025-11-06T10:52:20","slug":"formulario-de-inscricao","status":"publish","type":"page","link":"https:\/\/arpa.tech\/pt-pt\/formulario-de-inscricao\/","title":{"rendered":"Formul\u00e1rio de inscri\u00e7\u00e3o"},"content":{"rendered":"<section class=\"wpb-content-wrapper\"><p>[vc_row css=&#8221;.vc_custom_1762363358225{padding-top: 110px !important;padding-bottom: 80px !important;}&#8221;][vc_column width=&#8221;1\/6&#8243;][\/vc_column][vc_column width=&#8221;2\/3&#8243;]\n<div class=\"wpcf7 no-js\" id=\"wpcf7-f5091-o1\" lang=\"pt-PT\" dir=\"ltr\" data-wpcf7-id=\"5091\">\n<div class=\"screen-reader-response\"><p role=\"status\" aria-live=\"polite\" aria-atomic=\"true\"><\/p> <ul><\/ul><\/div>\n<form action=\"\/pt-pt\/wp-json\/wp\/v2\/pages\/5072#wpcf7-f5091-o1\" method=\"post\" class=\"wpcf7-form init\" aria-label=\"Formul\u00e1rio de contacto\" enctype=\"multipart\/form-data\" novalidate=\"novalidate\" data-status=\"init\">\n<fieldset class=\"hidden-fields-container\"><input type=\"hidden\" name=\"_wpcf7\" value=\"5091\" \/><input type=\"hidden\" name=\"_wpcf7_version\" value=\"6.1.3\" \/><input type=\"hidden\" name=\"_wpcf7_locale\" value=\"pt_PT\" \/><input type=\"hidden\" name=\"_wpcf7_unit_tag\" value=\"wpcf7-f5091-o1\" \/><input type=\"hidden\" name=\"_wpcf7_container_post\" value=\"0\" \/><input type=\"hidden\" name=\"_wpcf7_posted_data_hash\" value=\"\" \/>\n<\/fieldset>\n<div class=\"mkdf-two-columns-50-50\">\n\t<div class=\"mkdf-two-columns-50-50-inner\">\n\t\t<div class=\"mkdf-column\">\n\t\t\t<div class=\"mkdf-column-inner\">\n\t\t\t\t<p><span class=\"wpcf7-form-control-wrap\" data-name=\"first-name\"><input size=\"40\" maxlength=\"400\" class=\"wpcf7-form-control wpcf7-text wpcf7-validates-as-required\" aria-required=\"true\" aria-invalid=\"false\" placeholder=\"Nome completo*\" value=\"\" type=\"text\" name=\"first-name\" \/><\/span>\n\t\t\t\t<\/p>\n\t\t\t<\/div>\n\t\t<\/div>\n\t\t<div class=\"mkdf-column\">\n\t\t\t<div class=\"mkdf-column-inner\">\n\t\t\t\t<p><span class=\"wpcf7-form-control-wrap\" data-name=\"your-email\"><input size=\"40\" maxlength=\"400\" class=\"wpcf7-form-control wpcf7-email wpcf7-validates-as-required wpcf7-text wpcf7-validates-as-email\" aria-required=\"true\" aria-invalid=\"false\" placeholder=\"Email*\" value=\"\" type=\"email\" name=\"your-email\" \/><\/span>\n\t\t\t\t<\/p>\n\t\t\t<\/div>\n\t\t<\/div>\n\t<\/div>\n<\/div>\n<div class=\"mkdf-two-columns-50-50\">\n\t<div class=\"mkdf-two-columns-50-50-inner\">\n\t\t<div class=\"mkdf-column\">\n\t\t\t<div class=\"mkdf-column-inner\">\n\t\t\t\t<p><span class=\"wpcf7-form-control-wrap\" data-name=\"company\"><input class=\"wpcf7-form-control wpcf7-number wpcf7-validates-as-number\" aria-invalid=\"false\" placeholder=\"Telem\u00f3vel*\" value=\"\" type=\"number\" name=\"company\" \/><\/span>\n\t\t\t\t<\/p>\n\t\t\t<\/div>\n\t\t<\/div>\n\t\t<div class=\"mkdf-column\">\n\t\t\t<div class=\"mkdf-column-inner\">\n\t\t\t\t<p><span class=\"wpcf7-form-control-wrap\" data-name=\"subject\"><select class=\"wpcf7-form-control wpcf7-select\" aria-invalid=\"false\" name=\"subject\"><option value=\"\">\u00c1reas de interesse<\/option><option value=\"Automa\u00e7\u00e3o e RPA\">Automa\u00e7\u00e3o e RPA<\/option><option value=\"Ci\u00eancia de dados e Big Data\">Ci\u00eancia de dados e Big Data<\/option><option value=\"Consultoria\">Consultoria<\/option><option value=\"Tecnologia\">Tecnologia<\/option><option value=\"Outros\">Outros<\/option><\/select><\/span>\n\t\t\t\t<\/p>\n\t\t\t<\/div>\n\t\t<\/div>\n\t<\/div>\n<\/div>\n<div class=\"mkdf-column\" style=\"margin-bottom: 30px; text-align: left;\">\n\t<p>Insira aqui o seu CV <span class=\"wpcf7-form-control-wrap\" data-name=\"file-520\"><input size=\"40\" class=\"wpcf7-form-control wpcf7-file wpcf7-validates-as-required\" accept=\".pdf,.jpg,.jpeg,.png,.gif,.mp3,.wav\" aria-required=\"true\" aria-invalid=\"false\" type=\"file\" name=\"file-520\" \/><\/span>\n\t<\/p>\n<\/div>\n<div>\n\t<p><span class=\"wpcf7-form-control-wrap\" data-name=\"your-message\"><textarea cols=\"40\" rows=\"10\" maxlength=\"2000\" class=\"wpcf7-form-control wpcf7-textarea wpcf7-validates-as-required\" aria-required=\"true\" aria-invalid=\"false\" placeholder=\"Escreva aqui a sua mensagem\" name=\"your-message\"><\/textarea><\/span>\n\t<\/p>\n<\/div>\n<div class=\"mkdf-column\" style=\"margin-bottom: 30px;\">\n\t<div class=\"mkdf-column-inner\" style=\"text-align:left; font-size: 12px; line-height: 22px; font-family: Open Sans; font-style: normal; font-weight: 400; text-transform: none; letter-spacing: 0px;\">\n\t\t<p><label><b>Gostaria de subscrever atualiza\u00e7\u00f5es sobre insights e ferramentas de automatiza\u00e7\u00e3o?<\/b><br \/>\n<span class=\"wpcf7-form-control-wrap\" data-name=\"newsletter\"><span class=\"wpcf7-form-control wpcf7-checkbox\"><span class=\"wpcf7-list-item first last\"><label><input type=\"checkbox\" name=\"newsletter[]\" value=\"Sim, quero subscrever!\" \/><span class=\"wpcf7-list-item-label\">Sim, quero subscrever!<\/span><\/label><\/span><\/span><\/span><\/label>\n\t\t<\/p>\n\t\t<p><span class=\"wpcf7-form-control-wrap\" data-name=\"acceptance-644\"><span class=\"wpcf7-form-control wpcf7-acceptance\"><span class=\"wpcf7-list-item\"><label><input type=\"checkbox\" name=\"acceptance-644\" value=\"1\" aria-invalid=\"false\" \/><span class=\"wpcf7-list-item-label\">Li e aceito a <a href=\"politica-de-privacidade\">Politica de privacidade<\/a> deste website.<\/span><\/label><\/span><\/span><\/span>\n\t\t<\/p>\n\t<\/div>\n<\/div>\n<div style=\"text-align: left;\">\n\t<p><input class=\"wpcf7-form-control wpcf7-submit has-spinner\" type=\"submit\" value=\"Submeter candidadtura\" \/>\n\t<\/p>\n<\/div><div class=\"wpcf7-response-output\" aria-hidden=\"true\"><\/div>\n<\/form>\n<\/div>\n[\/vc_column][vc_column width=&#8221;1\/6&#8243;][\/vc_column][\/vc_row]<\/p>\n<\/section>","protected":false},"excerpt":{"rendered":"<p>[vc_row css=&#8221;.vc_custom_1762363358225{padding-top: 110px !important;padding-bottom: 80px !important;}&#8221;][vc_column width=&#8221;1\/6&#8243;][\/vc_column][vc_column width=&#8221;2\/3&#8243;][\/vc_column][vc_column width=&#8221;1\/6&#8243;][\/vc_column][\/vc_row]<\/p>\n","protected":false},"author":1,"featured_media":0,"parent":0,"menu_order":0,"comment_status":"closed","ping_status":"closed","template":"full-width.php","meta":{"_acf_changed":false,"footnotes":""},"class_list":["post-5072","page","type-page","status-publish","hentry"],"acf":[],"_hostinger_reach_plugin_has_subscription_block":false,"_hostinger_reach_plugin_is_elementor":false,"_links":{"self":[{"href":"https:\/\/arpa.tech\/pt-pt\/wp-json\/wp\/v2\/pages\/5072","targetHints":{"allow":["GET"]}}],"collection":[{"href":"https:\/\/arpa.tech\/pt-pt\/wp-json\/wp\/v2\/pages"}],"about":[{"href":"https:\/\/arpa.tech\/pt-pt\/wp-json\/wp\/v2\/types\/page"}],"author":[{"embeddable":true,"href":"https:\/\/arpa.tech\/pt-pt\/wp-json\/wp\/v2\/users\/1"}],"replies":[{"embeddable":true,"href":"https:\/\/arpa.tech\/pt-pt\/wp-json\/wp\/v2\/comments?post=5072"}],"version-history":[{"count":4,"href":"https:\/\/arpa.tech\/pt-pt\/wp-json\/wp\/v2\/pages\/5072\/revisions"}],"predecessor-version":[{"id":5110,"href":"https:\/\/arpa.tech\/pt-pt\/wp-json\/wp\/v2\/pages\/5072\/revisions\/5110"}],"wp:attachment":[{"href":"https:\/\/arpa.tech\/pt-pt\/wp-json\/wp\/v2\/media?parent=5072"}],"curies":[{"name":"wp","href":"https:\/\/api.w.org\/{rel}","templated":true}]}}