{"id":5084,"date":"2025-07-23T09:53:51","date_gmt":"2025-07-23T08:53:51","guid":{"rendered":"https:\/\/arpa.tech\/iso-27001\/"},"modified":"2025-11-05T17:47:31","modified_gmt":"2025-11-05T16:47:31","slug":"iso-27001","status":"publish","type":"page","link":"https:\/\/arpa.tech\/pt-pt\/iso-27001\/","title":{"rendered":"ISO 27001"},"content":{"rendered":"<section class=\"wpb-content-wrapper\"><p>[vc_row][vc_column][vc_empty_space height=&#8221;150px&#8221;][\/vc_column][\/vc_row][vc_row][vc_column][vc_column_text]<\/p>\n<h1>ISO 27001<\/h1>\n<p>ISO 27001:2022 Certified \u2013 Os Seus Dados Seguros Segundo Normas Globais de Seguran\u00e7a da Informa\u00e7\u00e3o[\/vc_column_text][\/vc_column][\/vc_row][vc_row][vc_column][vc_empty_space][\/vc_column][\/vc_row]<\/p>\n<\/section>","protected":false},"excerpt":{"rendered":"<p>[vc_row][vc_column][vc_empty_space height=&#8221;150px&#8221;][\/vc_column][\/vc_row][vc_row][vc_column][vc_column_text] ISO 27001 ISO 27001:2022 Certified \u2013 Os Seus Dados Seguros Segundo Normas Globais de Seguran\u00e7a da Informa\u00e7\u00e3o[\/vc_column_text][\/vc_column][\/vc_row][vc_row][vc_column][vc_empty_space][\/vc_column][\/vc_row]<\/p>\n","protected":false},"author":1,"featured_media":0,"parent":0,"menu_order":0,"comment_status":"closed","ping_status":"closed","template":"","meta":{"_acf_changed":false,"footnotes":""},"class_list":["post-5084","page","type-page","status-publish","hentry"],"acf":[],"_hostinger_reach_plugin_has_subscription_block":false,"_hostinger_reach_plugin_is_elementor":false,"_links":{"self":[{"href":"https:\/\/arpa.tech\/pt-pt\/wp-json\/wp\/v2\/pages\/5084","targetHints":{"allow":["GET"]}}],"collection":[{"href":"https:\/\/arpa.tech\/pt-pt\/wp-json\/wp\/v2\/pages"}],"about":[{"href":"https:\/\/arpa.tech\/pt-pt\/wp-json\/wp\/v2\/types\/page"}],"author":[{"embeddable":true,"href":"https:\/\/arpa.tech\/pt-pt\/wp-json\/wp\/v2\/users\/1"}],"replies":[{"embeddable":true,"href":"https:\/\/arpa.tech\/pt-pt\/wp-json\/wp\/v2\/comments?post=5084"}],"version-history":[{"count":2,"href":"https:\/\/arpa.tech\/pt-pt\/wp-json\/wp\/v2\/pages\/5084\/revisions"}],"predecessor-version":[{"id":5086,"href":"https:\/\/arpa.tech\/pt-pt\/wp-json\/wp\/v2\/pages\/5084\/revisions\/5086"}],"wp:attachment":[{"href":"https:\/\/arpa.tech\/pt-pt\/wp-json\/wp\/v2\/media?parent=5084"}],"curies":[{"name":"wp","href":"https:\/\/api.w.org\/{rel}","templated":true}]}}